{"id":10,"date":"2025-03-14T10:54:52","date_gmt":"2025-03-14T10:54:52","guid":{"rendered":"https:\/\/lura.es\/?page_id=10"},"modified":"2025-04-03T17:00:04","modified_gmt":"2025-04-03T17:00:04","slug":"lege-oharra","status":"publish","type":"page","link":"https:\/\/lura.es\/eu\/lege-oharra\/","title":{"rendered":"Lege Oharra"},"content":{"rendered":"<h2 class=\"wp-block-heading has-large-font-size\"><strong>WEBGUNEAREN JABEAREN IDENTITATEA<\/strong><\/h2>\n\n\n\n<p><strong>Izen komertziala:&nbsp;<\/strong>Lura Bideoak<\/p>\n\n\n\n<p><strong>Enpresaren izena: <\/strong>Yohana Bastida Granado<\/p>\n\n\n\n<p><strong>IFZ:&nbsp;<\/strong>44168437L<\/p>\n\n\n\n<p><strong>Helbidea:<\/strong> FORUEN IBILBIDEA 14 Azpeitia 20730 Guip\u00fazcoa ES<\/p>\n\n\n\n<p><strong>Telefonoa:<\/strong> +34634201271<\/p>\n\n\n\n<p><strong>e-posta:<\/strong> lura@lura.es<\/p>\n\n\n\n<h2 class=\"wp-block-heading has-large-font-size\"><strong>LEGEZKO BALDINTZAK<\/strong><\/h2>\n\n\n\n<p>Webgune hau erabiltzeak webgunearen erabiltzaile izaera ematen dio erabiltzaileari, eta horrek sarrera onartzen den unean argitaratutako bertsioan baldintza hauek betetzea dakar. Horregatik, WEBGUNEAREN JABEAK gomendatzen dio erabiltzaileari arretaz irakur ditzala webgunera sartzen den bakoitzean. Webgune honen bidez eskaintzen diren eduki batzuetarako sarbidea baldintza zehatz batzuen menpe egon daiteke, kasuaren arabera baldintza orokor hauek ordezkatu, osatu edo\/eta aldatzen dituztenak. Beraz, eduki horiek sartu eta\/edo erabili aurretik, erabiltzaileak arretaz irakurri beharko ditu dagozkien baldintza zehatzak ere. WEBGUNEAREN JABEAK Webgunearen diseinua, aurkezpena eta\/edo konfigurazioa alda ditzake, baita Eduki batzuk edo guztiak ere, edozein unetan eta aldez aurretik jakinarazi gabe, eta erabilerarako beharrezkoak diren baldintza orokorrak eta\/edo baldintza zehatzak alda ditzake.<\/p>\n\n\n\n<h2 class=\"wp-block-heading has-large-font-size\"><strong>WEBGUNEAREN JABEAREN ARDURA ETA BERMEA<\/strong><\/h2>\n\n\n\n<h3 class=\"wp-block-heading has-medium-font-size\"><strong>SARBIDEA<\/strong><\/h3>\n\n\n\n<p>Oro har, erabiltzaileak aske eta doan sar daitezke webgunera. Hala ere, WEBGUNEAREN JABEAK eskubidea du, indarrean dagoen legediaren arabera, webguneko zenbait gunetara sarbidea mugatzeko. Kasu horietan, zerbitzuan sartzeko ezinbesteko baldintza gisa, Erabiltzaileak erregistratu beharko du eskatutako informazio guztia emanez, eguneratuta eta zehatzean (ikus pribatutasun politika). Pasahitza pertsonala eta besterenezina da, eta baliteke hirugarrenei lagatzea, aldi baterako ere. Ildo horretan, Erabiltzaileak arduratsu izateko eta isilpean gordetzeko konpromisoa hartzen du, hirugarrenei zabaltzeak dakartzan ondorioen erantzukizun osoa bere gain hartuz.<\/p>\n\n\n\n<h3 class=\"wp-block-heading has-medium-font-size\"><strong>EDUKIAK<\/strong><\/h3>\n\n\n\n<p>Webgune honen jabeak bere webgunerako sarbidea eteteko eskubidea du, bai eta haren bidez emandako edukiren bat edo guztia hornitzea ere, edozein unetan eta aldez aurretik jakinarazi gabe, dela tekniko, segurtasun, kontrol, mantentze-lanak, elektrizitate-eteteak edo beste edozein arrazoirengatik. Eten hau behin-behinekoa edo iraunkorra izan daiteke, eta, kasu horretan, zirkunstantzia horren berri emango zaie Erabiltzaileei, eta, hala badagokio, zerbitzu ezberdinetan gordetako informazioa galtzea jasan dezakete. Ondorioz, WEBGUNEAREN JABEAK ez du bermatzen bere webgunearen edo bere Edukien fidagarritasuna, erabilgarritasuna edo jarraitutasuna, ez bereak, ez esteken bidez atzi daitezkeen beste webgune batzuenak, Erabiltzaileak hauen erabilera bere ardurapean egin dezan, eta inolaz ere ezingo da WEBGUNEAREN JABEA izango horren erantzule izango. WEBGUNEAREN JABEA ez da edozein motatako kalte, galera, erreklamazio edo gastuen erantzule izango, webguneak eskuratu edo eskuratzen duen Informazioaren ondorioz edo webgunearen bitartez, birus informatikoen, funtzionamenduaren hutsegiteen edo zerbitzuaren edo transmisioaren etenen edo linearen hutsegiteen ondorioz. Debekatuta dago webgunearen bidez legez kanpoko edo legez kontrako edukiak, birus informatikoak edo, oro har, WEBGUNEAREN JABEAREN edo hirugarrenen eskubideak eragiten edo urratzen dituzten mezuak transmititzea edo bidaltzea.<\/p>\n\n\n\n<h3 class=\"wp-block-heading has-medium-font-size\"><strong>JABETZA INDUSTRIALA ETA INTELEKTUALA<\/strong><\/h3>\n\n\n\n<p>Webgune hau WEBGUNEAREN JABEArena da. Webgune honen jabetza intelektualeko eskubideak eta ustiatzeko eta erreproduzitzeko eskubideak, bere orrialdeak, pantailak, biltzen duten informazioa, haien itxura eta diseinua, bai eta bertatik beste orrietara ezartzen diren estekak ere, horren jabetza esklusiboa dira, kontrakoa zehaztu ezean. Orrialde honetan agertzen diren izen, diseinu eta\/edo logotipo guztiak behar bezala erregistratutako marka komertzialak dira. Legezko jabea ez den pertsona batek gaizki erabiltzen dituen edonor auzipetu ahal izango da indarrean dagoen legediaren arabera. Hirugarrenen jabetza intelektualaren eskubideak eta markak argi eta garbi markatuta daude eta webgunera sartzen den edonork errespetatu behar ditu. Webgune honetako edukiak deskargatzea, kopiatzea edo inprimatzea baimenduta dago erabilera pertsonal eta pribaturako soilik. Debekatuta dago webgune honetako informazioa, edukia edo abisuak erreproduzitzea, transmititzea, aldatzea edo ezabatzea, WEBGUNEAREN JABEAREN aldez aurretik idatzizko baimenik gabe.<\/p>\n\n\n\n<h3 class=\"wp-block-heading has-medium-font-size\"><strong>APLIKAGARRIA LEGEA<\/strong><\/h3>\n\n\n\n<p>Baldintza orokor hauek Espainiako legeak arautzen ditu.<\/p>\n\n\n\n<h2 class=\"wp-block-heading has-large-font-size\"><strong>PRIBATUTASUN POLITIKA<\/strong><\/h2>\n\n\n\n<p>Datu pertsonalen babesari buruzko indarrean dagoen araudiaren ondorioetarako, WEBGUNEAREN JABEAK jakinarazten dizu gure webgunean nabigatzen duzun bitartean eman ditzakezun datu pertsonalak datuak tratatzeko sistema batean sartuko direla WEBGUNEAREN JABEAren ardurapean, zure eskaera prozesatzeko helburu bakarrarekin. Erabiltzaileak berariazko baimena eman badu soilik, WEBGUNEAREN JABEAK informazioa bidaliko dio; teknikoak, operatiboak eta komertzialak, edozein bitarteko erabilita, posta elektronikoa eta\/edo bitarteko baliokideak barne, erabiltzailearentzat interesgarritzat jotzen ditugun produktu, zerbitzu, eskaintza eta berriei buruz. Webgune honen jabeak bere konpromisoa hartzen du datu pertsonalen isilpekotasuna gordetzeko betebeharra eta horiek zaintzeko betebeharra. Bere aldaketa, galera, tratamendua edo baimenik gabeko sarbidea ekiditeko beharrezko neurriak hartuko ditu, uneoro teknologiaren egoera kontuan hartuta eta segurtasun neurri tekniko eta antolakuntzakoak betez. Azkenik, jakinarazten dizugu zure sarbide, zuzenketa, ezeztapen eta aurka egiteko eskubideak erabil ditzakezula sistemaren administratzaileari zuzendutako formularioa betez.<\/p>","protected":false},"excerpt":{"rendered":"<p>IDENTIDAD DEL TITULAR DEL SITIO WEB Nombre comercial:&nbsp;Lura Videos Denominaci\u00f3n social: YOHANA BASTIDA GRANADO NIF:&nbsp;44168437L Direcci\u00f3n: FORUEN IBILBIDEA 14 Azpeitia 20730 Guip\u00fazcoa ES Tel\u00e9fono: +34634201271 eMail: lura@lura.es T\u00c9RMINOS LEGALES Y CONDICIONES La utilizaci\u00f3n de este sitio web atribuye al navegante la condici\u00f3n de usuario del sitio, lo que implica la adhesi\u00f3n a las presentes condiciones [&hellip;]<\/p>\n","protected":false},"author":1,"featured_media":0,"parent":0,"menu_order":0,"comment_status":"closed","ping_status":"closed","template":"","meta":{"site-sidebar-layout":"default","site-content-layout":"","ast-site-content-layout":"default","site-content-style":"default","site-sidebar-style":"default","ast-global-header-display":"","ast-banner-title-visibility":"","ast-main-header-display":"","ast-hfb-above-header-display":"","ast-hfb-below-header-display":"","ast-hfb-mobile-header-display":"","site-post-title":"","ast-breadcrumbs-content":"","ast-featured-img":"","footer-sml-layout":"","ast-disable-related-posts":"","theme-transparent-header-meta":"","adv-header-id-meta":"","stick-header-meta":"","header-above-stick-meta":"","header-main-stick-meta":"","header-below-stick-meta":"","astra-migrate-meta-layouts":"set","ast-page-background-enabled":"default","ast-page-background-meta":{"desktop":{"background-color":"var(--ast-global-color-4)","background-image":"","background-repeat":"repeat","background-position":"center center","background-size":"auto","background-attachment":"scroll","background-type":"","background-media":"","overlay-type":"","overlay-color":"","overlay-opacity":"","overlay-gradient":""},"tablet":{"background-color":"","background-image":"","background-repeat":"repeat","background-position":"center center","background-size":"auto","background-attachment":"scroll","background-type":"","background-media":"","overlay-type":"","overlay-color":"","overlay-opacity":"","overlay-gradient":""},"mobile":{"background-color":"","background-image":"","background-repeat":"repeat","background-position":"center center","background-size":"auto","background-attachment":"scroll","background-type":"","background-media":"","overlay-type":"","overlay-color":"","overlay-opacity":"","overlay-gradient":""}},"ast-content-background-meta":{"desktop":{"background-color":"var(--ast-global-color-5)","background-image":"","background-repeat":"repeat","background-position":"center center","background-size":"auto","background-attachment":"scroll","background-type":"","background-media":"","overlay-type":"","overlay-color":"","overlay-opacity":"","overlay-gradient":""},"tablet":{"background-color":"var(--ast-global-color-5)","background-image":"","background-repeat":"repeat","background-position":"center center","background-size":"auto","background-attachment":"scroll","background-type":"","background-media":"","overlay-type":"","overlay-color":"","overlay-opacity":"","overlay-gradient":""},"mobile":{"background-color":"var(--ast-global-color-5)","background-image":"","background-repeat":"repeat","background-position":"center center","background-size":"auto","background-attachment":"scroll","background-type":"","background-media":"","overlay-type":"","overlay-color":"","overlay-opacity":"","overlay-gradient":""}},"footnotes":""},"class_list":["post-10","page","type-page","status-publish","hentry"],"_links":{"self":[{"href":"https:\/\/lura.es\/eu\/wp-json\/wp\/v2\/pages\/10","targetHints":{"allow":["GET"]}}],"collection":[{"href":"https:\/\/lura.es\/eu\/wp-json\/wp\/v2\/pages"}],"about":[{"href":"https:\/\/lura.es\/eu\/wp-json\/wp\/v2\/types\/page"}],"author":[{"embeddable":true,"href":"https:\/\/lura.es\/eu\/wp-json\/wp\/v2\/users\/1"}],"replies":[{"embeddable":true,"href":"https:\/\/lura.es\/eu\/wp-json\/wp\/v2\/comments?post=10"}],"version-history":[{"count":2,"href":"https:\/\/lura.es\/eu\/wp-json\/wp\/v2\/pages\/10\/revisions"}],"predecessor-version":[{"id":1230,"href":"https:\/\/lura.es\/eu\/wp-json\/wp\/v2\/pages\/10\/revisions\/1230"}],"wp:attachment":[{"href":"https:\/\/lura.es\/eu\/wp-json\/wp\/v2\/media?parent=10"}],"curies":[{"name":"wp","href":"https:\/\/api.w.org\/{rel}","templated":true}]}}